{"id":302,"date":"2020-05-19T08:38:13","date_gmt":"2020-05-19T08:38:13","guid":{"rendered":"http:\/\/the-future-of-fitness.com\/?page_id=302"},"modified":"2020-07-06T21:16:00","modified_gmt":"2020-07-06T21:16:00","slug":"video-page","status":"publish","type":"page","link":"https:\/\/the-future-of-fitness.com\/sv\/video-page\/","title":{"rendered":"Videoklipp"},"content":{"rendered":"<\/p>\n<!--[if lt IE 9]><script>document.createElement('video');<\/script><![endif]-->\n\t<div class=\"wp-playlist wp-video-playlist wp-playlist-light\">\n\t\t<video controls=\"controls\" preload=\"none\" width=\"728\"\n\t\t height=\"412\"\t><\/video>\n\t<div class=\"wp-playlist-next\"><\/div>\n\t<div class=\"wp-playlist-prev\"><\/div>\n\t<noscript>\n\t<ol>\n\t\t<li><a href='https:\/\/media.the-future-of-fitness.com\/2020\/07\/VID-20200702-WA0003.mp4'>1st - U13<\/a><\/li><li><a href='https:\/\/media.the-future-of-fitness.com\/2020\/07\/VID-20200702-WA0010.mp4'>2nd - U14<\/a><\/li><li><a href='https:\/\/media.the-future-of-fitness.com\/2020\/07\/VID-20200702-WA0009.mp4'>3rd - U15<\/a><\/li><li><a href='https:\/\/media.the-future-of-fitness.com\/2020\/07\/VID-20200702-WA0008-1.mp4'>4th -U16<\/a><\/li><li><a href='https:\/\/media.the-future-of-fitness.com\/2020\/07\/VID-20200702-WA0007.mp4'>HV J18<\/a><\/li><li><a href='https:\/\/media.the-future-of-fitness.com\/2020\/07\/VID-20200702-WA0006.mp4'>6th<\/a><\/li><li><a href='https:\/\/media.the-future-of-fitness.com\/2020\/07\/VID-20200702-WA0005.mp4'>7th<\/a><\/li><li><a href='https:\/\/media.the-future-of-fitness.com\/2020\/07\/VID-20200702-WA0004.mp4'>8th<\/a><\/li>\t<\/ol>\n\t<\/noscript>\n\t<script type=\"application\/json\" class=\"wp-playlist-script\">{\"type\":\"video\",\"tracklist\":true,\"tracknumbers\":true,\"images\":true,\"artists\":true,\"tracks\":[{\"src\":\"https:\\\/\\\/media.the-future-of-fitness.com\\\/2020\\\/07\\\/VID-20200702-WA0003.mp4\",\"type\":\"video\\\/mp4\",\"title\":\"1st - U13\",\"caption\":\"\",\"description\":\"\",\"meta\":{\"length_formatted\":\"0:38\"},\"dimensions\":{\"original\":{\"width\":848,\"height\":480},\"resized\":{\"width\":728,\"height\":412}},\"image\":{\"src\":\"https:\\\/\\\/the-future-of-fitness.com\\\/wp-includes\\\/images\\\/media\\\/video.png\",\"width\":48,\"height\":64},\"thumb\":{\"src\":\"https:\\\/\\\/the-future-of-fitness.com\\\/wp-includes\\\/images\\\/media\\\/video.png\",\"width\":48,\"height\":64}},{\"src\":\"https:\\\/\\\/media.the-future-of-fitness.com\\\/2020\\\/07\\\/VID-20200702-WA0010.mp4\",\"type\":\"video\\\/mp4\",\"title\":\"2nd - U14\",\"caption\":\"\",\"description\":\"\",\"meta\":{\"length_formatted\":\"0:18\"},\"dimensions\":{\"original\":{\"width\":848,\"height\":480},\"resized\":{\"width\":728,\"height\":412}},\"image\":{\"src\":\"https:\\\/\\\/the-future-of-fitness.com\\\/wp-includes\\\/images\\\/media\\\/video.png\",\"width\":48,\"height\":64},\"thumb\":{\"src\":\"https:\\\/\\\/the-future-of-fitness.com\\\/wp-includes\\\/images\\\/media\\\/video.png\",\"width\":48,\"height\":64}},{\"src\":\"https:\\\/\\\/media.the-future-of-fitness.com\\\/2020\\\/07\\\/VID-20200702-WA0009.mp4\",\"type\":\"video\\\/mp4\",\"title\":\"3rd - U15\",\"caption\":\"\",\"description\":\"\",\"meta\":{\"length_formatted\":\"0:51\"},\"dimensions\":{\"original\":{\"width\":848,\"height\":480},\"resized\":{\"width\":728,\"height\":412}},\"image\":{\"src\":\"https:\\\/\\\/the-future-of-fitness.com\\\/wp-includes\\\/images\\\/media\\\/video.png\",\"width\":48,\"height\":64},\"thumb\":{\"src\":\"https:\\\/\\\/the-future-of-fitness.com\\\/wp-includes\\\/images\\\/media\\\/video.png\",\"width\":48,\"height\":64}},{\"src\":\"https:\\\/\\\/media.the-future-of-fitness.com\\\/2020\\\/07\\\/VID-20200702-WA0008-1.mp4\",\"type\":\"video\\\/mp4\",\"title\":\"4th -U16\",\"caption\":\"\",\"description\":\"\",\"meta\":{\"length_formatted\":\"0:54\"},\"dimensions\":{\"original\":{\"width\":848,\"height\":480},\"resized\":{\"width\":728,\"height\":412}},\"image\":{\"src\":\"https:\\\/\\\/the-future-of-fitness.com\\\/wp-includes\\\/images\\\/media\\\/video.png\",\"width\":48,\"height\":64},\"thumb\":{\"src\":\"https:\\\/\\\/the-future-of-fitness.com\\\/wp-includes\\\/images\\\/media\\\/video.png\",\"width\":48,\"height\":64}},{\"src\":\"https:\\\/\\\/media.the-future-of-fitness.com\\\/2020\\\/07\\\/VID-20200702-WA0007.mp4\",\"type\":\"video\\\/mp4\",\"title\":\"HV J18\",\"caption\":\"\",\"description\":\"\",\"meta\":{\"length_formatted\":\"0:49\"},\"dimensions\":{\"original\":{\"width\":848,\"height\":480},\"resized\":{\"width\":728,\"height\":412}},\"image\":{\"src\":\"https:\\\/\\\/the-future-of-fitness.com\\\/wp-includes\\\/images\\\/media\\\/video.png\",\"width\":48,\"height\":64},\"thumb\":{\"src\":\"https:\\\/\\\/the-future-of-fitness.com\\\/wp-includes\\\/images\\\/media\\\/video.png\",\"width\":48,\"height\":64}},{\"src\":\"https:\\\/\\\/media.the-future-of-fitness.com\\\/2020\\\/07\\\/VID-20200702-WA0006.mp4\",\"type\":\"video\\\/mp4\",\"title\":\"6th\",\"caption\":\"\",\"description\":\"\",\"meta\":{\"length_formatted\":\"0:50\"},\"dimensions\":{\"original\":{\"width\":848,\"height\":480},\"resized\":{\"width\":728,\"height\":412}},\"image\":{\"src\":\"https:\\\/\\\/the-future-of-fitness.com\\\/wp-includes\\\/images\\\/media\\\/video.png\",\"width\":48,\"height\":64},\"thumb\":{\"src\":\"https:\\\/\\\/the-future-of-fitness.com\\\/wp-includes\\\/images\\\/media\\\/video.png\",\"width\":48,\"height\":64}},{\"src\":\"https:\\\/\\\/media.the-future-of-fitness.com\\\/2020\\\/07\\\/VID-20200702-WA0005.mp4\",\"type\":\"video\\\/mp4\",\"title\":\"7th\",\"caption\":\"\",\"description\":\"\",\"meta\":{\"length_formatted\":\"0:36\"},\"dimensions\":{\"original\":{\"width\":848,\"height\":480},\"resized\":{\"width\":728,\"height\":412}},\"image\":{\"src\":\"https:\\\/\\\/the-future-of-fitness.com\\\/wp-includes\\\/images\\\/media\\\/video.png\",\"width\":48,\"height\":64},\"thumb\":{\"src\":\"https:\\\/\\\/the-future-of-fitness.com\\\/wp-includes\\\/images\\\/media\\\/video.png\",\"width\":48,\"height\":64}},{\"src\":\"https:\\\/\\\/media.the-future-of-fitness.com\\\/2020\\\/07\\\/VID-20200702-WA0004.mp4\",\"type\":\"video\\\/mp4\",\"title\":\"8th\",\"caption\":\"\",\"description\":\"\",\"meta\":{\"length_formatted\":\"0:45\"},\"dimensions\":{\"original\":{\"width\":848,\"height\":480},\"resized\":{\"width\":728,\"height\":412}},\"image\":{\"src\":\"https:\\\/\\\/the-future-of-fitness.com\\\/wp-includes\\\/images\\\/media\\\/video.png\",\"width\":48,\"height\":64},\"thumb\":{\"src\":\"https:\\\/\\\/the-future-of-fitness.com\\\/wp-includes\\\/images\\\/media\\\/video.png\",\"width\":48,\"height\":64}}]}<\/script>\n<\/div>\n\t\n<p>V\u00e4nligen klicka p\u00e5 de relevanta l\u00e4nkarna nedanf\u00f6r varje video f\u00f6r att se mer<\/p>\n<p>","protected":false},"excerpt":{"rendered":"<p>V\u00e4nligen klicka p\u00e5 de relevanta l\u00e4nkarna nedanf\u00f6r varje video f\u00f6r att se mer<\/p>\n","protected":false},"author":3,"featured_media":0,"parent":0,"menu_order":0,"comment_status":"closed","ping_status":"closed","template":"","meta":{"_uag_custom_page_level_css":"","_monsterinsights_skip_tracking":false,"_monsterinsights_sitenote_active":false,"_monsterinsights_sitenote_note":"","_monsterinsights_sitenote_category":0},"translation":{"provider":"WPGlobus","version":"2.12.2","language":"sv","enabled_languages":["en","sv"],"languages":{"en":{"title":true,"content":true,"excerpt":false},"sv":{"title":true,"content":true,"excerpt":false}}},"uagb_featured_image_src":{"full":false,"thumbnail":false,"medium":false,"medium_large":false,"large":false,"elegant_blocks_team_1":false,"elegant_blocks_blog_1":false,"elegant_blocks_slider_1":false,"1536x1536":false,"2048x2048":false,"hestia-blog":false,"woocommerce_thumbnail_2x":false,"woocommerce_thumbnail":false,"woocommerce_single":false,"woocommerce_gallery_thumbnail":false},"uagb_author_info":{"display_name":"Kelvin","author_link":"https:\/\/the-future-of-fitness.com\/sv\/author\/kelvin\/"},"uagb_comment_info":0,"uagb_excerpt":"V\u00e4nligen klicka p\u00e5 de relevanta l\u00e4nkarna nedanf\u00f6r varje video f\u00f6r att se mer","_links":{"self":[{"href":"https:\/\/the-future-of-fitness.com\/sv\/wp-json\/wp\/v2\/pages\/302"}],"collection":[{"href":"https:\/\/the-future-of-fitness.com\/sv\/wp-json\/wp\/v2\/pages"}],"about":[{"href":"https:\/\/the-future-of-fitness.com\/sv\/wp-json\/wp\/v2\/types\/page"}],"author":[{"embeddable":true,"href":"https:\/\/the-future-of-fitness.com\/sv\/wp-json\/wp\/v2\/users\/3"}],"replies":[{"embeddable":true,"href":"https:\/\/the-future-of-fitness.com\/sv\/wp-json\/wp\/v2\/comments?post=302"}],"version-history":[{"count":10,"href":"https:\/\/the-future-of-fitness.com\/sv\/wp-json\/wp\/v2\/pages\/302\/revisions"}],"predecessor-version":[{"id":479,"href":"https:\/\/the-future-of-fitness.com\/sv\/wp-json\/wp\/v2\/pages\/302\/revisions\/479"}],"wp:attachment":[{"href":"https:\/\/the-future-of-fitness.com\/sv\/wp-json\/wp\/v2\/media?parent=302"}],"curies":[{"name":"wp","href":"https:\/\/api.w.org\/{rel}","templated":true}]}}